{"id":57,"date":"2024-05-22T08:52:02","date_gmt":"2024-05-22T08:52:02","guid":{"rendered":"https:\/\/staging.capannacristallina.casticino.ch\/wordpress_R\/?page_id=57"},"modified":"2024-10-18T15:35:10","modified_gmt":"2024-10-18T15:35:10","slug":"capanna-caratteristiche","status":"publish","type":"page","link":"https:\/\/capannacristallina.casticino.ch\/index.php\/capanna-caratteristiche\/","title":{"rendered":"CAPANNA &#8211; CARATTERISTICHE"},"content":{"rendered":"\n<h3 class=\"wp-block-heading\">CARATTERISTICHE  &#8211; Scheda segnaletica<\/h3>\n\n\n\n<p><strong>Ubicazione<\/strong><br>Il rifugio \u00e8 situato a quota 2572 msm sul passo\u00a0Cristallina\u00a0in una zona particolarmente attrattiva per l&#8217;escursionismo sia estivo che invernale. Dispone di 100 posti letto in comodi dormitori\u00a0e di un ampio refettorio con una terrazza esterna. Sempre aperta ed accessibile, \u00e8 custodita a durante la stagione estiva da fine giugno a\u00a0met\u00e0 ottobre. Durante il periodo invernale il custode \u00e8 presente in caso di buone condizioni, nei fine settimana, durante le festivit\u00e0, ed in caso di riservazioni di gruppi.<\/p>\n\n\n\n<p><strong>Carte<\/strong><br>CNS 1:25&#8217;000 foglio 1251&nbsp;Val&nbsp;Bedretto &#8211; &nbsp;Carta scialpinistica foglio 265S N\u00fcfenenpass<\/p>\n\n\n\n<p><strong>Coordinate<\/strong><br>683.540\/147.300<\/p>\n\n\n\n<p><strong>Infrastruttura<\/strong><br>&#8211;\u00a0100 posti letto (6&#215;4, 9&#215;8, 2&#215;12) in cuccette con piumone (\u00e8 richiesto l&#8217;uso del sacco lenzuolo privato)<br>&#8211; un refettorio panoramico<br>&#8211; servizi interni con acqua calda; doccia (5 CHF)<br>&#8211; locale essicatoio<br>&#8211; locale scarponi con CROCS per gli ospiti.<\/p>\n\n\n\n<p><strong>Copertura cellulare<\/strong><br>Buona ricezione Swisscom nei pressi della capanna.<\/p>\n\n\n\n<p><strong>Apertura<\/strong><br>La capanna \u00e8 aperta e custodita nel periodo estivo da giugno a met\u00e0 ottobre e nel periodo invernale da dicembre a fine aprile (secondo condizioni).<\/p>\n\n\n\n<p><strong>Guardiano<\/strong><br>Emanuele Vellati &#8211; 6781 Bedretto &#8211; +41 (0)91 869 23 30<\/p>\n\n\n\n<p><strong>Propriet\u00e0<\/strong><br>La capanna \u00e8 di propriet\u00e0 della sezione CAS Ticino:  <a href=\"mailto:info@casticino.ch\">info@casticino.ch<\/a><\/p>\n","protected":false},"excerpt":{"rendered":"<p>CARATTERISTICHE &#8211; Scheda segnaletica UbicazioneIl rifugio \u00e8 situato a quota 2572 msm sul passo\u00a0Cristallina\u00a0in una zona particolarmente attrattiva per l&#8217;escursionismo sia estivo che invernale. Dispone di 100 posti letto in comodi dormitori\u00a0e di un ampio refettorio con una terrazza esterna. Sempre aperta ed accessibile, \u00e8 custodita a durante la stagione estiva da fine giugno a\u00a0met\u00e0 [&hellip;]<\/p>\n","protected":false},"author":1,"featured_media":0,"parent":0,"menu_order":0,"comment_status":"closed","ping_status":"closed","template":"","meta":{"pgc_sgb_lightbox_settings":"","footnotes":""},"class_list":["post-57","page","type-page","status-publish","hentry"],"_links":{"self":[{"href":"https:\/\/capannacristallina.casticino.ch\/index.php\/wp-json\/wp\/v2\/pages\/57","targetHints":{"allow":["GET"]}}],"collection":[{"href":"https:\/\/capannacristallina.casticino.ch\/index.php\/wp-json\/wp\/v2\/pages"}],"about":[{"href":"https:\/\/capannacristallina.casticino.ch\/index.php\/wp-json\/wp\/v2\/types\/page"}],"author":[{"embeddable":true,"href":"https:\/\/capannacristallina.casticino.ch\/index.php\/wp-json\/wp\/v2\/users\/1"}],"replies":[{"embeddable":true,"href":"https:\/\/capannacristallina.casticino.ch\/index.php\/wp-json\/wp\/v2\/comments?post=57"}],"version-history":[{"count":3,"href":"https:\/\/capannacristallina.casticino.ch\/index.php\/wp-json\/wp\/v2\/pages\/57\/revisions"}],"predecessor-version":[{"id":421,"href":"https:\/\/capannacristallina.casticino.ch\/index.php\/wp-json\/wp\/v2\/pages\/57\/revisions\/421"}],"wp:attachment":[{"href":"https:\/\/capannacristallina.casticino.ch\/index.php\/wp-json\/wp\/v2\/media?parent=57"}],"curies":[{"name":"wp","href":"https:\/\/api.w.org\/{rel}","templated":true}]}}