{"id":214,"date":"2024-05-23T08:28:28","date_gmt":"2024-05-23T08:28:28","guid":{"rendered":"https:\/\/staging.capannacristallina.casticino.ch\/wordpress_R\/?page_id=214"},"modified":"2024-05-23T09:14:35","modified_gmt":"2024-05-23T09:14:35","slug":"team-de","status":"publish","type":"page","link":"https:\/\/capannacristallina.casticino.ch\/index.php\/de\/team-de\/","title":{"rendered":"TEAM &#8211; DE"},"content":{"rendered":"\n<h3 class=\"wp-block-heading\">Der H\u00fcttenwart<\/h3>\n\n\n\n<p>Emanuele Vellati bewartet die H\u00fctte seit dem Winter 2018. Als gelernter Elektriker und Koch f\u00fchrt er die H\u00fctte mit viel Fleiss und&nbsp;Hingabe, was sich in der gut gepflegten Infrastruktur und der hervorragenden K\u00fcche sehen l\u00e4sst. In j\u00fcngeren Jahren als&nbsp;begeisterter Alpinist unterwegs, geniesst er nun die Berge im Alltag und als Essenz seiner Arbeit.<\/p>\n\n\n\n<p><\/p>\n\n\n\n<h3 class=\"wp-block-heading\">Helfende H\u00e4nde<\/h3>\n\n\n\n<p>In Sommer und Winter stehen im zahlreiche Helferinnen und Helfer, Freunde und Freiwillige des SAC Ticino zur Seite und erm\u00f6glichen den Betrieb und die Verpflegung der zahlreichen Besucher, welche sich immer \u00fcber ein kleines Dankesch\u00f6n&nbsp;und die Wertsch\u00e4tzung der Besucher freuen!<\/p>\n\n\n\n<h3 class=\"wp-block-heading\">\u2026und Jack<\/h3>\n\n\n\n<p>der friedlichste und neugierigste H\u00fcttenbewohner, der den Pulverschnee fast noch mehr liebt als wir\u2026<\/p>\n\n\n\n<div class=\"wp-block-columns is-layout-flex wp-container-core-columns-is-layout-9d6595d7 wp-block-columns-is-layout-flex\">\n<div class=\"wp-block-column is-layout-flow wp-block-column-is-layout-flow\">\n<figure class=\"wp-block-image size-full\"><img loading=\"lazy\" decoding=\"async\" width=\"2560\" height=\"1920\" src=\"https:\/\/staging.capannacristallina.casticino.ch\/wordpress_R\/wp-content\/uploads\/2024\/05\/me-alaska3-scaled.jpg\" alt=\"\" class=\"wp-image-240\" srcset=\"https:\/\/capannacristallina.casticino.ch\/wp-content\/uploads\/2024\/05\/me-alaska3-scaled.jpg 2560w, https:\/\/capannacristallina.casticino.ch\/wp-content\/uploads\/2024\/05\/me-alaska3-300x225.jpg 300w, https:\/\/capannacristallina.casticino.ch\/wp-content\/uploads\/2024\/05\/me-alaska3-1024x768.jpg 1024w, https:\/\/capannacristallina.casticino.ch\/wp-content\/uploads\/2024\/05\/me-alaska3-768x576.jpg 768w, https:\/\/capannacristallina.casticino.ch\/wp-content\/uploads\/2024\/05\/me-alaska3-1536x1152.jpg 1536w, https:\/\/capannacristallina.casticino.ch\/wp-content\/uploads\/2024\/05\/me-alaska3-2048x1536.jpg 2048w\" sizes=\"auto, (max-width: 2560px) 100vw, 2560px\" \/><\/figure>\n\n\n\n<p>Emanuele<\/p>\n<\/div>\n\n\n\n<div class=\"wp-block-column is-layout-flow wp-block-column-is-layout-flow\">\n<figure class=\"wp-block-image size-full\"><img loading=\"lazy\" decoding=\"async\" width=\"1024\" height=\"968\" src=\"https:\/\/staging.capannacristallina.casticino.ch\/wordpress_R\/wp-content\/uploads\/2024\/05\/WhatsApp-Image-2023-05-09-at-13.27.39.jpeg\" alt=\"\" class=\"wp-image-239\" srcset=\"https:\/\/capannacristallina.casticino.ch\/wp-content\/uploads\/2024\/05\/WhatsApp-Image-2023-05-09-at-13.27.39.jpeg 1024w, https:\/\/capannacristallina.casticino.ch\/wp-content\/uploads\/2024\/05\/WhatsApp-Image-2023-05-09-at-13.27.39-300x284.jpeg 300w, https:\/\/capannacristallina.casticino.ch\/wp-content\/uploads\/2024\/05\/WhatsApp-Image-2023-05-09-at-13.27.39-768x726.jpeg 768w\" sizes=\"auto, (max-width: 1024px) 100vw, 1024px\" \/><\/figure>\n\n\n\n<p>Jack<\/p>\n<\/div>\n<\/div>\n\n\n\n<p><\/p>\n","protected":false},"excerpt":{"rendered":"<p>Der H\u00fcttenwart Emanuele Vellati bewartet die H\u00fctte seit dem Winter 2018. Als gelernter Elektriker und Koch f\u00fchrt er die H\u00fctte mit viel Fleiss und&nbsp;Hingabe, was sich in der gut gepflegten Infrastruktur und der hervorragenden K\u00fcche sehen l\u00e4sst. In j\u00fcngeren Jahren als&nbsp;begeisterter Alpinist unterwegs, geniesst er nun die Berge im Alltag und als Essenz seiner Arbeit. [&hellip;]<\/p>\n","protected":false},"author":1,"featured_media":0,"parent":0,"menu_order":0,"comment_status":"closed","ping_status":"closed","template":"","meta":{"pgc_sgb_lightbox_settings":"","footnotes":""},"class_list":["post-214","page","type-page","status-publish","hentry"],"_links":{"self":[{"href":"https:\/\/capannacristallina.casticino.ch\/index.php\/wp-json\/wp\/v2\/pages\/214","targetHints":{"allow":["GET"]}}],"collection":[{"href":"https:\/\/capannacristallina.casticino.ch\/index.php\/wp-json\/wp\/v2\/pages"}],"about":[{"href":"https:\/\/capannacristallina.casticino.ch\/index.php\/wp-json\/wp\/v2\/types\/page"}],"author":[{"embeddable":true,"href":"https:\/\/capannacristallina.casticino.ch\/index.php\/wp-json\/wp\/v2\/users\/1"}],"replies":[{"embeddable":true,"href":"https:\/\/capannacristallina.casticino.ch\/index.php\/wp-json\/wp\/v2\/comments?post=214"}],"version-history":[{"count":5,"href":"https:\/\/capannacristallina.casticino.ch\/index.php\/wp-json\/wp\/v2\/pages\/214\/revisions"}],"predecessor-version":[{"id":245,"href":"https:\/\/capannacristallina.casticino.ch\/index.php\/wp-json\/wp\/v2\/pages\/214\/revisions\/245"}],"wp:attachment":[{"href":"https:\/\/capannacristallina.casticino.ch\/index.php\/wp-json\/wp\/v2\/media?parent=214"}],"curies":[{"name":"wp","href":"https:\/\/api.w.org\/{rel}","templated":true}]}}