{"id":202,"date":"2024-05-23T06:46:40","date_gmt":"2024-05-23T06:46:40","guid":{"rendered":"https:\/\/staging.capannacristallina.casticino.ch\/wordpress_R\/?page_id=202"},"modified":"2024-05-23T06:46:40","modified_gmt":"2024-05-23T06:46:40","slug":"offerta-de","status":"publish","type":"page","link":"https:\/\/capannacristallina.casticino.ch\/index.php\/de\/offerta-de\/","title":{"rendered":"OFFERTA &#8211; DE"},"content":{"rendered":"\n<h3 class=\"wp-block-heading\">Geschichte der Capanna Cristallina<\/h3>\n\n\n\n<p>Die von den Architekten Baserga e Mozzetti entworfene Cristallina H\u00fctte wurde 2003 eingeweiht und befindet sich auf dem gleichnamigen Pass auf einer H\u00f6he von 2572 m. Die moderne, vom SAC erbaute H\u00fctte markiert einen \u00dcbergangspunkt zwischen der Leventina und dem Maggiatal. Die erste Milit\u00e4rh\u00fctte, welche zu Beginn des 2. Weltkriegs errichtet wurde, liegt weiter n\u00f6rdlich im Val Torta, am H\u00fcttenzustiegsweg von Ossasco. Aufgrund von drei Lawinenniederg\u00e4ngen, die die alte H\u00fctte zerst\u00f6rten, wurde die jetzige H\u00fctte auf einem sichereren Standpunkt, dem Passo, errichtet.<\/p>\n\n\n\n<p>Die H\u00fctte dient als aussichtsreicher Anhaltspunkt bei der \u00dcberquerung in Nord-S\u00fcd Richtung, Richtung Robiei, aber auch West-Ost, Richtung Naret, der Tenciagruppe oder dem Passo San Giacomo und Nufenenpass.<br>Das Bedretto ist im Winter bekannt f\u00fcr sein Schneereichtum und kommt meist schon fr\u00fch in der Saison als m\u00f6gliches Tourenziel in Frage. Dabei kann von einer grossen Auswahl an Tourenzielen ausgew\u00e4hlt werden, von leichten bis zu anspruchsvollen Bergtouren \u2013 die Panoramaaussicht ist auf jeden Fall garantiert!<\/p>\n\n\n\n<p>Doch Cristallina bedeutet nicht einfach nur Berge: die H\u00fctte gilt als ein Ort der Begegnung und der Geselligkeit, wo sich die lokale Bev\u00f6lkerung aus dem Tal nach einer Bergtour zum Austausch trifft und die frische, lokale K\u00fcche geniesst.<\/p>\n","protected":false},"excerpt":{"rendered":"<p>Geschichte der Capanna Cristallina Die von den Architekten Baserga e Mozzetti entworfene Cristallina H\u00fctte wurde 2003 eingeweiht und befindet sich auf dem gleichnamigen Pass auf einer H\u00f6he von 2572 m. Die moderne, vom SAC erbaute H\u00fctte markiert einen \u00dcbergangspunkt zwischen der Leventina und dem Maggiatal. Die erste Milit\u00e4rh\u00fctte, welche zu Beginn des 2. Weltkriegs errichtet [&hellip;]<\/p>\n","protected":false},"author":1,"featured_media":0,"parent":0,"menu_order":0,"comment_status":"closed","ping_status":"closed","template":"","meta":{"pgc_sgb_lightbox_settings":"","footnotes":""},"class_list":["post-202","page","type-page","status-publish","hentry"],"_links":{"self":[{"href":"https:\/\/capannacristallina.casticino.ch\/index.php\/wp-json\/wp\/v2\/pages\/202","targetHints":{"allow":["GET"]}}],"collection":[{"href":"https:\/\/capannacristallina.casticino.ch\/index.php\/wp-json\/wp\/v2\/pages"}],"about":[{"href":"https:\/\/capannacristallina.casticino.ch\/index.php\/wp-json\/wp\/v2\/types\/page"}],"author":[{"embeddable":true,"href":"https:\/\/capannacristallina.casticino.ch\/index.php\/wp-json\/wp\/v2\/users\/1"}],"replies":[{"embeddable":true,"href":"https:\/\/capannacristallina.casticino.ch\/index.php\/wp-json\/wp\/v2\/comments?post=202"}],"version-history":[{"count":1,"href":"https:\/\/capannacristallina.casticino.ch\/index.php\/wp-json\/wp\/v2\/pages\/202\/revisions"}],"predecessor-version":[{"id":203,"href":"https:\/\/capannacristallina.casticino.ch\/index.php\/wp-json\/wp\/v2\/pages\/202\/revisions\/203"}],"wp:attachment":[{"href":"https:\/\/capannacristallina.casticino.ch\/index.php\/wp-json\/wp\/v2\/media?parent=202"}],"curies":[{"name":"wp","href":"https:\/\/api.w.org\/{rel}","templated":true}]}}