{"id":198,"date":"2024-05-23T06:45:06","date_gmt":"2024-05-23T06:45:06","guid":{"rendered":"https:\/\/staging.capannacristallina.casticino.ch\/wordpress_R\/?page_id=198"},"modified":"2024-10-18T15:45:54","modified_gmt":"2024-10-18T15:45:54","slug":"inverno-de","status":"publish","type":"page","link":"https:\/\/capannacristallina.casticino.ch\/index.php\/de\/inverno-de\/","title":{"rendered":"INVERNO &#8211; DE"},"content":{"rendered":"\n<div class=\"wp-block-stackable-card stk-block-card stk-block stk-b9fb092 is-style-default\" data-v=\"2\" data-block-id=\"b9fb092\"><div class=\"stk--no-padding stk-container stk-b9fb092-container stk-hover-parent\"><figure class=\"stk-block-card__image stk-img-wrapper stk-image--shape-stretch\"><img loading=\"lazy\" decoding=\"async\" class=\"stk-img wp-image-93\" src=\"https:\/\/staging.capannacristallina.casticino.ch\/wordpress_R\/wp-content\/uploads\/2024\/05\/08s.jpg\" width=\"1005\" height=\"670\" srcset=\"https:\/\/capannacristallina.casticino.ch\/wp-content\/uploads\/2024\/05\/08s.jpg 1005w, https:\/\/capannacristallina.casticino.ch\/wp-content\/uploads\/2024\/05\/08s-300x200.jpg 300w, https:\/\/capannacristallina.casticino.ch\/wp-content\/uploads\/2024\/05\/08s-768x512.jpg 768w\" sizes=\"auto, (max-width: 1005px) 100vw, 1005px\" \/><\/figure><div class=\"stk-container-padding stk-block-card__content\"><div class=\"stk-block-content stk-inner-blocks stk-b9fb092-inner-blocks\">\n<div class=\"wp-block-stackable-heading stk-block-heading stk-block-heading--v2 stk-block stk-d3b3548\" id=\"cristallina-im-winter\" data-block-id=\"d3b3548\"><h2 class=\"stk-block-heading__text\">Cristallina im Winter<\/h2><\/div>\n\n\n\n<p>In der Cristallina Region warten verschiedene Gipfel und herrliche Abfahrten im Pulverschnee auf euch. Viele der Skitouren rund um die Cristallina-H\u00fctte k\u00f6nnen auch kombiniert werden, so dass an ein und demselben Tag 2 oder sogar mehr Abfahrten genossen werden k\u00f6nnen, welche meist an den schattigen H\u00e4ngen des Bedrettotals enden.<\/p>\n\n\n\n<p>\u279c Aufstieg vom Val Torta, Abfahrt \u00fcber das&nbsp;<strong>Val Cassinello<\/strong>&nbsp;via Variante Bassa di Folcra oder Variante&nbsp;<strong>Passo Gararesch<\/strong>&nbsp;(Routen 521 h und 521 i).<\/p>\n\n\n\n<p>\u279c Aufstieg vom Val Torta f\u00fcr den klassischen&nbsp;<strong>\u201eGiro del Cristallina<\/strong>\u201d mit Mittagessen in der H\u00fctte und Abfahrt \u00fcber das Val Piana oder Valle Cavagnolo.<\/p>\n\n\n\n<p>\u279c Aufstieg zum&nbsp;<strong>Gipfel der Cristallina<\/strong>&nbsp;und \u201c<strong>Diavolezzina<\/strong>\u201c Abfahrt mit eventuellem weiterem Aufstieg zu Bassa di Folcra (521 h) oder Passo Gararesch (521 i).<\/p>\n\n\n\n<p>\u279c&nbsp;<strong>Cima di Lago<\/strong>&nbsp;als Nachmittagstour, entweder vom Val Torta oder Val Cavagnoli her kommend.<\/p>\n\n\n\n<p>\u279c Abwechslungsreicher und unber\u00fchrter\u00a0<strong>Giro delle tre bocchette\u201c:\u00a0<\/strong>All\u2019Acqua-San Giacomo-Passo Grandinagia-Bocchetta di Valleggia-Passo di Cima di Lago-Capanna Cristallina<\/p>\n\n\n\n<div class=\"wp-block-stackable-text stk-block-text stk-block stk-006f4c1\" data-block-id=\"006f4c1\"><p class=\"stk-block-text__text\">\u279c\u00a0<strong>Poncione di Braga, Basodino, Marchhorn:<\/strong>\u00a0drei Gipfel erreichbar \u00fcber lange Traversen!<\/p><\/div>\n<\/div><\/div><\/div><\/div>\n\n\n\n<p><\/p>\n","protected":false},"excerpt":{"rendered":"<p>Cristallina im Winter In der Cristallina Region warten verschiedene Gipfel und herrliche Abfahrten im Pulverschnee auf euch. Viele der Skitouren rund um die Cristallina-H\u00fctte k\u00f6nnen auch kombiniert werden, so dass an ein und demselben Tag 2 oder sogar mehr Abfahrten genossen werden k\u00f6nnen, welche meist an den schattigen H\u00e4ngen des Bedrettotals enden. \u279c Aufstieg vom [&hellip;]<\/p>\n","protected":false},"author":1,"featured_media":0,"parent":0,"menu_order":0,"comment_status":"closed","ping_status":"closed","template":"","meta":{"pgc_sgb_lightbox_settings":"","footnotes":""},"class_list":["post-198","page","type-page","status-publish","hentry"],"_links":{"self":[{"href":"https:\/\/capannacristallina.casticino.ch\/index.php\/wp-json\/wp\/v2\/pages\/198","targetHints":{"allow":["GET"]}}],"collection":[{"href":"https:\/\/capannacristallina.casticino.ch\/index.php\/wp-json\/wp\/v2\/pages"}],"about":[{"href":"https:\/\/capannacristallina.casticino.ch\/index.php\/wp-json\/wp\/v2\/types\/page"}],"author":[{"embeddable":true,"href":"https:\/\/capannacristallina.casticino.ch\/index.php\/wp-json\/wp\/v2\/users\/1"}],"replies":[{"embeddable":true,"href":"https:\/\/capannacristallina.casticino.ch\/index.php\/wp-json\/wp\/v2\/comments?post=198"}],"version-history":[{"count":2,"href":"https:\/\/capannacristallina.casticino.ch\/index.php\/wp-json\/wp\/v2\/pages\/198\/revisions"}],"predecessor-version":[{"id":426,"href":"https:\/\/capannacristallina.casticino.ch\/index.php\/wp-json\/wp\/v2\/pages\/198\/revisions\/426"}],"wp:attachment":[{"href":"https:\/\/capannacristallina.casticino.ch\/index.php\/wp-json\/wp\/v2\/media?parent=198"}],"curies":[{"name":"wp","href":"https:\/\/api.w.org\/{rel}","templated":true}]}}