{"id":194,"date":"2024-05-23T06:41:27","date_gmt":"2024-05-23T06:41:27","guid":{"rendered":"https:\/\/staging.capannacristallina.casticino.ch\/wordpress_R\/?page_id=194"},"modified":"2024-10-22T13:51:43","modified_gmt":"2024-10-22T13:51:43","slug":"curiosita-de","status":"publish","type":"page","link":"https:\/\/capannacristallina.casticino.ch\/index.php\/de\/curiosita-de\/","title":{"rendered":"CURIOSIT\u00c0 &#8211; DE"},"content":{"rendered":"\n<div class=\"wp-block-stackable-heading stk-block-heading stk-block-heading--v2 stk-block stk-85e1a33\" id=\"strong-kursiositaten-vom-cristallina-strong\" data-block-id=\"85e1a33\"><h2 class=\"stk-block-heading__text has-text-align-center\"><strong>Kursiosit\u00e4ten vom Cristallina<\/strong><\/h2><\/div>\n\n\n\n<p><br>Wanderer und Neugierige finden auf diesen Seiten ausf\u00fchrliche Informationen zu einigen Themen, die es ihnen erm\u00f6glichen, das herrliche Gebiet von Cristallina besser zu verstehen.&nbsp;Deutlich sichtbar sind die Spuren der Entstehung der Alpen und die Kr\u00e4fte, die die Alpenkette entstehen lie\u00dfen, indem sie Meeressedimente an die Oberfl\u00e4che brachten.&nbsp;Im Umkreis von wenigen Metern befinden sich Gesteine, die sich in Zusammensetzung und Herkunft stark voneinander unterscheiden. Dies hat auch einen erheblichen Einfluss auf die Alpenflora, die spezifisch f\u00fcr die Art des Substrats ist.&nbsp;Auch die dort vorkommende Fauna ist typisch f\u00fcr die Alpen. Die Steinbokskolonie, umfasst mehr als 100 Exemplare, die leicht zu begenen sind und die Anwesenheit des Menschen nicht f\u00fcrchten.&nbsp;Das Gebiet wurde auch durch die Anwesenheit des Menschen w\u00e4hrend der Kriegszeit bei der Grenzkontrolle und durch den Bau der beeindruckenden Wasserkraftwerke beeinflusst und ver\u00e4ndert.<\/p>\n\n\n\n<p><br>Viel Spa\u00df beim Lesen!<\/p>\n\n\n\n<div class=\"wp-block-stackable-columns stk-block-columns stk-block stk-8193d5d\" data-block-id=\"8193d5d\"><div class=\"stk-row stk-inner-blocks stk-block-content stk-content-align stk-8193d5d-column\">\n<div class=\"wp-block-stackable-column stk-block-column stk-column stk-block stk-5f922fb\" data-v=\"4\" data-block-id=\"5f922fb\"><div class=\"stk-column-wrapper stk-block-column__content stk-container stk-5f922fb-container stk--no-background stk--no-padding\"><div class=\"stk-block-content stk-inner-blocks stk-5f922fb-inner-blocks\">\n<div class=\"wp-block-stackable-card stk-block-card stk-block stk-44756df is-style-default\" data-v=\"2\" data-block-id=\"44756df\"><div class=\"stk--no-padding stk-container stk-44756df-container stk-hover-parent\"><figure class=\"stk-block-card__image stk-img-wrapper stk-image--shape-stretch\"><img loading=\"lazy\" decoding=\"async\" class=\"stk-img wp-image-96\" src=\"https:\/\/staging.capannacristallina.casticino.ch\/wordpress_R\/wp-content\/uploads\/2024\/05\/rifugio-camosci-700x525-1.jpg\" width=\"700\" height=\"525\" srcset=\"https:\/\/capannacristallina.casticino.ch\/wp-content\/uploads\/2024\/05\/rifugio-camosci-700x525-1.jpg 700w, https:\/\/capannacristallina.casticino.ch\/wp-content\/uploads\/2024\/05\/rifugio-camosci-700x525-1-300x225.jpg 300w\" sizes=\"auto, (max-width: 700px) 100vw, 700px\" \/><\/figure><div class=\"stk-container-padding stk-block-card__content\"><div class=\"stk-block-content stk-inner-blocks stk-44756df-inner-blocks\">\n<div class=\"wp-block-stackable-heading stk-block-heading stk-block-heading--v2 stk-block stk-ad5d664\" id=\"die-geschichte-der-militarbesetzung\" data-block-id=\"ad5d664\"><style>.stk-ad5d664{margin-bottom:16px !important}<\/style><h3 class=\"stk-block-heading__text\">Die Geschichte der Milit\u00e4rbesetzung<\/h3><\/div>\n\n\n\n<p>La costruzione della strada della Val Formazza fino al Passo San Giacomo, che avvenne fra il 1926 e 1929, suscit\u00f2&#8230;&#8230;..<\/p>\n\n\n\n<div class=\"wp-block-stackable-button-group stk-block-button-group stk-block stk-bbf2d2d\" data-block-id=\"bbf2d2d\"><div class=\"stk-row stk-inner-blocks stk-block-content stk-button-group\">\n<div class=\"wp-block-stackable-button stk-block-button stk-block stk-d4d6243\" data-block-id=\"d4d6243\"><style>.stk-d4d6243 .stk-button{background:#477081 !important}<\/style><a class=\"stk-link stk-button stk--hover-effect-darken\" href=\"https:\/\/capannacristallina.casticino.ch\/wp-content\/uploads\/2024\/05\/A-La-storia-delloccupazione-militare-1.pdf\" target=\"_blank\" rel=\"noreferrer noopener\"><span class=\"stk-button__inner-text\">WEITER&#8230;<\/span><\/a><\/div>\n<\/div><\/div>\n<\/div><\/div><\/div><\/div>\n<\/div><\/div><\/div>\n\n\n\n<div class=\"wp-block-stackable-column stk-block-column stk-column stk-block stk-eed9483\" data-v=\"4\" data-block-id=\"eed9483\"><div class=\"stk-column-wrapper stk-block-column__content stk-container stk-eed9483-container stk--no-background stk--no-padding\"><div class=\"stk-block-content stk-inner-blocks stk-eed9483-inner-blocks\">\n<div class=\"wp-block-stackable-card stk-block-card stk-block stk-3fea5b3 is-style-default\" data-v=\"2\" data-block-id=\"3fea5b3\"><div class=\"stk--no-padding stk-container stk-3fea5b3-container stk-hover-parent\"><figure class=\"stk-block-card__image stk-img-wrapper stk-image--shape-stretch\"><img loading=\"lazy\" decoding=\"async\" class=\"stk-img wp-image-97\" src=\"https:\/\/staging.capannacristallina.casticino.ch\/wordpress_R\/wp-content\/uploads\/2024\/05\/848226-700x467-1.jpg\" width=\"700\" height=\"467\" srcset=\"https:\/\/capannacristallina.casticino.ch\/wp-content\/uploads\/2024\/05\/848226-700x467-1.jpg 700w, https:\/\/capannacristallina.casticino.ch\/wp-content\/uploads\/2024\/05\/848226-700x467-1-300x200.jpg 300w\" sizes=\"auto, (max-width: 700px) 100vw, 700px\" \/><\/figure><div class=\"stk-container-padding stk-block-card__content\"><div class=\"stk-block-content stk-inner-blocks stk-3fea5b3-inner-blocks\">\n<div class=\"wp-block-stackable-heading stk-block-heading stk-block-heading--v2 stk-block stk-62a26f4\" id=\"die-entehung-der-alpen-und-ihre-zeichen-br\" data-block-id=\"62a26f4\"><style>.stk-62a26f4{margin-bottom:16px !important}<\/style><h3 class=\"stk-block-heading__text\">Die Entehung der Alpen und ihre Zeichen<br><\/h3><\/div>\n\n\n\n<div class=\"wp-block-stackable-text stk-block-text stk-block stk-630a9e6\" data-block-id=\"630a9e6\"><style>.stk-630a9e6{margin-bottom:8px !important}<\/style><p class=\"stk-block-text__text\">Il paesaggio della zona del Cristallina \u00e8 fortemente influenzato dall\u2019orogenesi alpina, un processo durato ca. 25 milioni&#8230;&#8230;&#8230;<br><\/p><\/div>\n\n\n\n<div class=\"wp-block-stackable-button-group stk-block-button-group stk-block stk-ac1ba4f\" data-block-id=\"ac1ba4f\"><div class=\"stk-row stk-inner-blocks stk-block-content stk-button-group\">\n<div class=\"wp-block-stackable-button stk-block-button stk-block stk-ac4fc70\" data-block-id=\"ac4fc70\"><style>.stk-ac4fc70 .stk-button{background:#477081 !important}<\/style><a class=\"stk-link stk-button stk--hover-effect-darken\" href=\"https:\/\/capannacristallina.casticino.ch\/wp-content\/uploads\/2024\/05\/B.-Le-tracce-dellorogenesi-1.pdf\" target=\"_blank\" rel=\"noreferrer noopener\"><span class=\"stk-button__inner-text\">WEITER&#8230;<\/span><\/a><\/div>\n<\/div><\/div>\n<\/div><\/div><\/div><\/div>\n<\/div><\/div><\/div>\n\n\n\n<div class=\"wp-block-stackable-column stk-block-column stk-column stk-block stk-1f8bbe8\" data-v=\"4\" data-block-id=\"1f8bbe8\"><div class=\"stk-column-wrapper stk-block-column__content stk-container stk-1f8bbe8-container stk--no-background stk--no-padding\"><div class=\"stk-block-content stk-inner-blocks stk-1f8bbe8-inner-blocks\">\n<div class=\"wp-block-stackable-card stk-block-card stk-block stk-9da1904 is-style-default\" data-v=\"2\" data-block-id=\"9da1904\"><div class=\"stk--no-padding stk-container stk-9da1904-container stk-hover-parent\"><figure class=\"stk-block-card__image stk-img-wrapper stk-image--shape-stretch\"><img loading=\"lazy\" decoding=\"async\" class=\"stk-img wp-image-98\" src=\"https:\/\/staging.capannacristallina.casticino.ch\/wordpress_R\/wp-content\/uploads\/2024\/05\/Bacini_Robiei_Naret-700x458-1.jpg\" width=\"700\" height=\"458\" srcset=\"https:\/\/capannacristallina.casticino.ch\/wp-content\/uploads\/2024\/05\/Bacini_Robiei_Naret-700x458-1.jpg 700w, https:\/\/capannacristallina.casticino.ch\/wp-content\/uploads\/2024\/05\/Bacini_Robiei_Naret-700x458-1-300x196.jpg 300w\" sizes=\"auto, (max-width: 700px) 100vw, 700px\" \/><\/figure><div class=\"stk-container-padding stk-block-card__content\"><div class=\"stk-block-content stk-inner-blocks stk-9da1904-inner-blocks\">\n<div class=\"wp-block-stackable-heading stk-block-heading stk-block-heading--v2 stk-block stk-b4aaf18\" id=\"die-wasserkraftwerke-naret-robiei\" data-block-id=\"b4aaf18\"><style>.stk-b4aaf18{margin-bottom:16px !important}<\/style><h3 class=\"stk-block-heading__text\">Die Wasserkraftwerke Naret-Robiei<\/h3><\/div>\n\n\n\n<div class=\"wp-block-stackable-text stk-block-text stk-block stk-5f25feb\" data-block-id=\"5f25feb\"><style>.stk-5f25feb{margin-bottom:8px !important}<\/style><p class=\"stk-block-text__text\">La zona Robiei-Naret \u00e8 ricca di sbarramenti idroelettrici che, collegati fra loro, sfruttano al meglio la capacit\u00e0 di produrre energia elettrica pulita. I bacini comunicanti&#8230;..<\/p><\/div>\n\n\n\n<div class=\"wp-block-stackable-button-group stk-block-button-group stk-block stk-fb8b2a9\" data-block-id=\"fb8b2a9\"><div class=\"stk-row stk-inner-blocks stk-block-content stk-button-group\">\n<div class=\"wp-block-stackable-button stk-block-button stk-block stk-3aa7f07\" data-block-id=\"3aa7f07\"><style>.stk-3aa7f07 .stk-button{background:#477081 !important}<\/style><a class=\"stk-link stk-button stk--hover-effect-darken\" href=\"https:\/\/capannacristallina.casticino.ch\/wp-content\/uploads\/2024\/05\/C.-Ldroelettrico-Naret-Robiei-1.pdf\" target=\"_blank\" rel=\"noreferrer noopener\"><span class=\"stk-button__inner-text\">WEITER&#8230;<\/span><\/a><\/div>\n<\/div><\/div>\n<\/div><\/div><\/div><\/div>\n<\/div><\/div><\/div>\n<\/div><\/div>\n","protected":false},"excerpt":{"rendered":"<p>Kursiosit\u00e4ten vom Cristallina Wanderer und Neugierige finden auf diesen Seiten ausf\u00fchrliche Informationen zu einigen Themen, die es ihnen erm\u00f6glichen, das herrliche Gebiet von Cristallina besser zu verstehen.&nbsp;Deutlich sichtbar sind die Spuren der Entstehung der Alpen und die Kr\u00e4fte, die die Alpenkette entstehen lie\u00dfen, indem sie Meeressedimente an die Oberfl\u00e4che brachten.&nbsp;Im Umkreis von wenigen Metern befinden [&hellip;]<\/p>\n","protected":false},"author":1,"featured_media":0,"parent":0,"menu_order":0,"comment_status":"closed","ping_status":"closed","template":"","meta":{"pgc_sgb_lightbox_settings":"","footnotes":""},"class_list":["post-194","page","type-page","status-publish","hentry"],"_links":{"self":[{"href":"https:\/\/capannacristallina.casticino.ch\/index.php\/wp-json\/wp\/v2\/pages\/194","targetHints":{"allow":["GET"]}}],"collection":[{"href":"https:\/\/capannacristallina.casticino.ch\/index.php\/wp-json\/wp\/v2\/pages"}],"about":[{"href":"https:\/\/capannacristallina.casticino.ch\/index.php\/wp-json\/wp\/v2\/types\/page"}],"author":[{"embeddable":true,"href":"https:\/\/capannacristallina.casticino.ch\/index.php\/wp-json\/wp\/v2\/users\/1"}],"replies":[{"embeddable":true,"href":"https:\/\/capannacristallina.casticino.ch\/index.php\/wp-json\/wp\/v2\/comments?post=194"}],"version-history":[{"count":4,"href":"https:\/\/capannacristallina.casticino.ch\/index.php\/wp-json\/wp\/v2\/pages\/194\/revisions"}],"predecessor-version":[{"id":462,"href":"https:\/\/capannacristallina.casticino.ch\/index.php\/wp-json\/wp\/v2\/pages\/194\/revisions\/462"}],"wp:attachment":[{"href":"https:\/\/capannacristallina.casticino.ch\/index.php\/wp-json\/wp\/v2\/media?parent=194"}],"curies":[{"name":"wp","href":"https:\/\/api.w.org\/{rel}","templated":true}]}}