{"id":188,"date":"2024-05-22T10:22:27","date_gmt":"2024-05-22T10:22:27","guid":{"rendered":"https:\/\/staging.capannacristallina.casticino.ch\/wordpress_R\/?page_id=188"},"modified":"2024-10-18T15:36:58","modified_gmt":"2024-10-18T15:36:58","slug":"capanna-caratteristiche-2","status":"publish","type":"page","link":"https:\/\/capannacristallina.casticino.ch\/index.php\/de\/capanna-caratteristiche-2\/","title":{"rendered":"CAPANNA &#8211; CARATTERISTICHE &#8211; DE"},"content":{"rendered":"\n<h3 class=\"wp-block-heading\">H\u00fctten Information<\/h3>\n\n\n\n<p><strong>Lage<br><\/strong>Die Cristallina H\u00fctte liegt auf einer H\u00f6he von 2572 M.\u00fc.M. auf dem gleichnamigen Cristallina-Pass, auf der S\u00fcdseite des Bedretto-Tals, welches von Airolo nach Westen zum Nufenenpass f\u00fchrt.&nbsp;Die Gegend l\u00e4dt im Sommer f\u00fcr Wandern und Bergsteigen, als auch im Winter f\u00fcr Skitouren ein.<\/p>\n\n\n\n<p><strong>Landeskarte<\/strong><br>LK 1232 Val Bedretto 1:25&#8217;000 &#8211; Skitouren 265S Nufenenpass<\/p>\n\n\n\n<p><strong>Koordinaten<br><\/strong>683.540 \/ 147.300<strong><br>Infrastruktur<br><\/strong>&#8211; 100 Schlafpl\u00e4tze (16 Schlafr\u00e4ume wie folgt aufgeteilt: 6&#215;4 Betten, 8&#215;8 Betten, 2&#215;12 Betten)<br>&#8211; Der Gebrauch eines H\u00fcttenschlafsacks ist\u00a0obligatorisch!<br>&#8211; B\u00e4der mit Lavabo, WCs<br>&#8211; Dusche warm (5 CHF)<br>&#8211; Trockenraum<br>&#8211; Schuhraum mit CROCS f\u00fcr die G\u00e4ste<br>&#8211; Grosser Aufenthaltsraum (120 Sitzpl\u00e4tze)<br>&#8211; Sch\u00f6ne Sonnenterrasse mit Blick Richtung S\u00fcden<\/p>\n\n\n\n<p><strong>Bewartung<br><\/strong>Die H\u00fctte ist im Sommer ungef\u00e4hr von Mitte Juni bis Mitte Oktober ge\u00f6ffnet und bewartet. Im Winter von Mitte Dezember bis Mitte April. Die genauen \u00d6ffnungszeiten h\u00e4ngen stark von den Konditionen und der Wetterlage ab. Bitte informieren Sie sich unter Home\/Aktuell, dem Buchungstool Alpsonline oder per Telefon (+41 (0)91 869 23 30).<\/p>\n\n\n\n<p>Der Winterraum steht nur in unbewarteten Zeitr\u00e4umen zur Verf\u00fcgung und muss zwingend reserviert werden, damit er zug\u00e4nglich ist.<br>Ein ungeheizter Raum (ohne Betten\/Kochm\u00f6glichkeiten) f\u00fcr Notf\u00e4lle ist immer ge\u00f6ffnet.<\/p>\n\n\n\n<p><strong>Handy Empfang<br><\/strong>In der Umgebung der H\u00fctte gibt es f\u00fcr Swisscom-Abonennten guten Handy Empfang. F\u00fcr andere Anbieter besteht wenig bis kein Empfang innerhalb der H\u00fctte.<br>Es steht&nbsp;<strong>kein WiFi<\/strong>&nbsp;f\u00fcr die G\u00e4ste zur Verf\u00fcgung.<\/p>\n\n\n\n<p><strong>Hunde<\/strong><br>Falls Sie gerne mit Ihrem Hund zur \u00dcbernachtung in die H\u00fctte kommen wollen, rufen Sie bitte an, um die M\u00f6glichkeiten mit&nbsp;dem H\u00fcttenwart zu besprechen. Hunde k\u00f6nnen&nbsp;<strong>nicht ohne R\u00fccksprache<\/strong>&nbsp;zur \u00dcbernachtung mitgebracht werden.<\/p>\n\n\n\n<p><strong>H\u00fcttenwart<\/strong><br>Emanuele Vellati &#8211; 6781 Bedretto &#8211; +41 (0)91 869 23 30<\/p>\n\n\n\n<p><strong>Eigent\u00fcmer<\/strong><br>Die H\u00fctte ist Eigentum der SAC Sektion Tessin: <a href=\"mailto:info@casticino.ch\">info@casticino.ch<\/a><\/p>\n","protected":false},"excerpt":{"rendered":"<p>H\u00fctten Information LageDie Cristallina H\u00fctte liegt auf einer H\u00f6he von 2572 M.\u00fc.M. auf dem gleichnamigen Cristallina-Pass, auf der S\u00fcdseite des Bedretto-Tals, welches von Airolo nach Westen zum Nufenenpass f\u00fchrt.&nbsp;Die Gegend l\u00e4dt im Sommer f\u00fcr Wandern und Bergsteigen, als auch im Winter f\u00fcr Skitouren ein. LandeskarteLK 1232 Val Bedretto 1:25&#8217;000 &#8211; Skitouren 265S Nufenenpass Koordinaten683.540 \/ [&hellip;]<\/p>\n","protected":false},"author":1,"featured_media":0,"parent":0,"menu_order":0,"comment_status":"closed","ping_status":"closed","template":"","meta":{"pgc_sgb_lightbox_settings":"","footnotes":""},"class_list":["post-188","page","type-page","status-publish","hentry"],"_links":{"self":[{"href":"https:\/\/capannacristallina.casticino.ch\/index.php\/wp-json\/wp\/v2\/pages\/188","targetHints":{"allow":["GET"]}}],"collection":[{"href":"https:\/\/capannacristallina.casticino.ch\/index.php\/wp-json\/wp\/v2\/pages"}],"about":[{"href":"https:\/\/capannacristallina.casticino.ch\/index.php\/wp-json\/wp\/v2\/types\/page"}],"author":[{"embeddable":true,"href":"https:\/\/capannacristallina.casticino.ch\/index.php\/wp-json\/wp\/v2\/users\/1"}],"replies":[{"embeddable":true,"href":"https:\/\/capannacristallina.casticino.ch\/index.php\/wp-json\/wp\/v2\/comments?post=188"}],"version-history":[{"count":3,"href":"https:\/\/capannacristallina.casticino.ch\/index.php\/wp-json\/wp\/v2\/pages\/188\/revisions"}],"predecessor-version":[{"id":423,"href":"https:\/\/capannacristallina.casticino.ch\/index.php\/wp-json\/wp\/v2\/pages\/188\/revisions\/423"}],"wp:attachment":[{"href":"https:\/\/capannacristallina.casticino.ch\/index.php\/wp-json\/wp\/v2\/media?parent=188"}],"curies":[{"name":"wp","href":"https:\/\/api.w.org\/{rel}","templated":true}]}}