{"id":186,"date":"2024-05-22T10:21:05","date_gmt":"2024-05-22T10:21:05","guid":{"rendered":"https:\/\/staging.capannacristallina.casticino.ch\/wordpress_R\/?page_id=186"},"modified":"2024-10-22T13:49:25","modified_gmt":"2024-10-22T13:49:25","slug":"attivita-2","status":"publish","type":"page","link":"https:\/\/capannacristallina.casticino.ch\/index.php\/de\/attivita-2\/","title":{"rendered":"ATTIVIT\u00c0 &#8211; DE"},"content":{"rendered":"\n<h3 class=\"wp-block-heading\">Der Cristallinapass&#8230;<\/h3>\n\n\n\n<p>\u00ab verbindet \u00bb<br>&#8212;&#8212;&#8212;&#8212;&#8212;&#8212;&#8212;&#8212;-<br>&#8230;das&nbsp;<strong>Gotthard Massiv&nbsp;<\/strong>und dem<strong>&nbsp;Maggiatal,&nbsp;<\/strong>welches zum Lago Maggiore f\u00fchrt<\/p>\n\n\n\n<p>&#8230;ein dichtes&nbsp;<strong>Wanderwegnetz<\/strong>&nbsp;und&nbsp;<strong>zahlreiche Bergh\u00fctten&nbsp;<\/strong>\u00fcber die&nbsp;<a href=\"https:\/\/www.viaidra.ch\/de\/home\">Via Idra<\/a>,&nbsp;<a href=\"https:\/\/schweizmobil.ch\/de\/wanderland\/route-59\">Via Cristallina<\/a>,&nbsp;<a href=\"https:\/\/www.viaaltavallemaggia.ch\/de\">Via Alta della Valle Maggia<\/a>,&#8230;<\/p>\n\n\n\n<hr class=\"wp-block-separator has-alpha-channel-opacity\"\/>\n\n\n\n<p>\u00ab birgt Natur \u00bb<br>&#8212;&#8212;&#8212;&#8212;&#8212;&#8212;&#8212;&#8212;-<br>\u2026ein&nbsp;<strong>Paradies f\u00fcr Skitouren<\/strong>&nbsp;&#8211; wo man im schnee\u00e4rmsten Winter Pulverh\u00e4nge finden kann<\/p>\n\n\n\n<p>\u2026die&nbsp;<strong>vielseitige<\/strong>&nbsp;<strong>Geologie der Entstehen der Alpen &#8211;&nbsp;<\/strong>&nbsp;Marmorsteine ozeanischer Herkunft, Erdgusssteine, Bodenfalten,&#8230;<\/p>\n\n\n\n<hr class=\"wp-block-separator has-alpha-channel-opacity\"\/>\n\n\n\n<p>\u00ab lebt \u00bb<br>&#8212;&#8212;&#8212;&#8212;&#8212;&#8212;&#8212;&#8212;-<br>\u2026eine&nbsp;<strong>wilde Tierwelt<\/strong>. Steinb\u00f6cke und Gemsen&nbsp;erkunden mit Ihnen den Cima di Lago w\u00e4hrend Adler und Turmfalken \u00fcber Ihren K\u00f6pfen ihre Kreise ziehen<\/p>\n\n\n\n<hr class=\"wp-block-separator has-alpha-channel-opacity\"\/>\n\n\n\n<p>\u00ab tr\u00e4gt Geschichte \u00bb<br>&#8212;&#8212;&#8212;&#8212;&#8212;&#8212;&#8212;&#8212;-<br>\u2026die&nbsp;<strong>Spuren der Vergangenheit<\/strong>,&nbsp;von Alpbetrieben \u00fcber die milit\u00e4rischen Einrichtungen der vergangenen Kriegszeit bis hin zu den hydroelektrischen&nbsp;<strong>Bauten von heute<\/strong><\/p>\n\n\n\n<p><\/p>\n\n\n\n<p>ATTIVIT\u00c0<\/p>\n\n\n\n<div class=\"wp-block-stackable-feature-grid alignwide stk-block-feature-grid stk-block-columns stk-block stk-b0ff95e is-style-default\" data-block-id=\"b0ff95e\"><div class=\"stk-row stk-inner-blocks has-text-align-center stk-block-content stk-content-align stk-b0ff95e-column alignwide\">\n<div class=\"wp-block-stackable-column stk-block-column stk-column stk-block stk-8b51c86\" data-v=\"4\" data-block-id=\"8b51c86\"><div class=\"stk-column-wrapper stk-block-column__content stk-container stk-8b51c86-container stk-hover-parent\"><div class=\"stk-block-content stk-inner-blocks stk-8b51c86-inner-blocks\">\n<div class=\"wp-block-stackable-image stk-block-image stk-block stk-d9bb70d\" data-block-id=\"d9bb70d\"><style>.stk-d9bb70d .stk-img-wrapper{width:100% !important;height:216px !important}<\/style><figure><span class=\"stk-img-wrapper stk-image--shape-stretch\"><img loading=\"lazy\" decoding=\"async\" class=\"stk-img wp-image-73\" src=\"https:\/\/staging.capannacristallina.casticino.ch\/wordpress_R\/wp-content\/uploads\/2024\/05\/E-Passo-Nufenen-\u2013-Airolo.jpg\" width=\"700\" height=\"526\" srcset=\"https:\/\/capannacristallina.casticino.ch\/wp-content\/uploads\/2024\/05\/E-Passo-Nufenen-\u2013-Airolo.jpg 700w, https:\/\/capannacristallina.casticino.ch\/wp-content\/uploads\/2024\/05\/E-Passo-Nufenen-\u2013-Airolo-300x225.jpg 300w\" sizes=\"auto, (max-width: 700px) 100vw, 700px\" \/><\/span><\/figure><\/div>\n\n\n\n<div class=\"wp-block-stackable-heading stk-block-heading stk-block-heading--v2 stk-block stk-4750f15\" id=\"touren-im-sommer\" data-block-id=\"4750f15\"><h3 class=\"stk-block-heading__text\">Touren im Sommer<\/h3><\/div>\n\n\n\n<div class=\"wp-block-stackable-text stk-block-text stk-block stk-e5fe4c2\" data-block-id=\"e5fe4c2\"><p class=\"stk-block-text__text\"><\/p><\/div>\n\n\n\n<div class=\"wp-block-stackable-button-group stk-block-button-group stk-block stk-bbf2d2d\" data-block-id=\"bbf2d2d\"><div class=\"stk-row stk-inner-blocks stk-block-content stk-button-group\">\n<div class=\"wp-block-stackable-button stk-block-button stk-block stk-d4d6243\" data-block-id=\"d4d6243\"><style>.stk-d4d6243 .stk-button{background:#477081 !important}<\/style><a class=\"stk-link stk-button stk--hover-effect-darken\" href=\"https:\/\/capannacristallina.casticino.ch\/index.php\/de\/proposte-gite-de\/\" rel=\"noreferrer noopener\"><span class=\"stk-button__inner-text\">WEITER&#8230;<\/span><\/a><\/div>\n<\/div><\/div>\n<\/div><\/div><\/div>\n\n\n\n<div class=\"wp-block-stackable-column stk-block-column stk-column stk-block stk-d236663\" data-v=\"4\" data-block-id=\"d236663\"><div class=\"stk-column-wrapper stk-block-column__content stk-container stk-d236663-container stk-hover-parent\"><div class=\"stk-block-content stk-inner-blocks stk-d236663-inner-blocks\">\n<div class=\"wp-block-stackable-image stk-block-image stk-block stk-2f17abe\" data-block-id=\"2f17abe\"><figure><span class=\"stk-img-wrapper stk-image--shape-stretch\"><img loading=\"lazy\" decoding=\"async\" class=\"stk-img wp-image-70\" src=\"https:\/\/staging.capannacristallina.casticino.ch\/wordpress_R\/wp-content\/uploads\/2024\/05\/1000513-250x188-1.jpg\" width=\"250\" height=\"188\"\/><\/span><\/figure><\/div>\n\n\n\n<div class=\"wp-block-stackable-heading stk-block-heading stk-block-heading--v2 stk-block stk-b8e2c8f\" id=\"touren-im-winter\" data-block-id=\"b8e2c8f\"><h3 class=\"stk-block-heading__text\">Touren im Winter<\/h3><\/div>\n\n\n\n<div class=\"wp-block-stackable-text stk-block-text stk-block stk-67232ce\" data-block-id=\"67232ce\"><p class=\"stk-block-text__text\"><\/p><\/div>\n\n\n\n<div class=\"wp-block-stackable-button-group stk-block-button-group stk-block stk-b5e595f\" data-block-id=\"b5e595f\"><div class=\"stk-row stk-inner-blocks stk-block-content stk-button-group\">\n<div class=\"wp-block-stackable-button stk-block-button stk-block stk-ca0b7de\" data-block-id=\"ca0b7de\"><style>.stk-ca0b7de .stk-button{background:#477081 !important}<\/style><a class=\"stk-link stk-button stk--hover-effect-darken\" href=\"https:\/\/capannacristallina.casticino.ch\/index.php\/de\/inverno-de\/\" rel=\"noreferrer noopener\"><span class=\"stk-button__inner-text\">WEITER&#8230;<\/span><\/a><\/div>\n<\/div><\/div>\n<\/div><\/div><\/div>\n\n\n\n<div class=\"wp-block-stackable-column stk-block-column stk-column stk-block stk-b89ebfa\" data-v=\"4\" data-block-id=\"b89ebfa\"><div class=\"stk-column-wrapper stk-block-column__content stk-container stk-b89ebfa-container stk-hover-parent\"><div class=\"stk-block-content stk-inner-blocks stk-b89ebfa-inner-blocks\">\n<div class=\"wp-block-stackable-image stk-block-image stk-block stk-acff58c\" data-block-id=\"acff58c\"><figure><span class=\"stk-img-wrapper stk-image--shape-stretch\"><img loading=\"lazy\" decoding=\"async\" class=\"stk-img wp-image-71\" src=\"https:\/\/staging.capannacristallina.casticino.ch\/wordpress_R\/wp-content\/uploads\/2024\/05\/HBPW0377-250x188-1.jpg\" width=\"250\" height=\"188\"\/><\/span><\/figure><\/div>\n\n\n\n<div class=\"wp-block-stackable-heading stk-block-heading stk-block-heading--v2 stk-block stk-bc661f5\" id=\"via-alta-idra-die-tessiner-weitwanderung\" data-block-id=\"bc661f5\"><h3 class=\"stk-block-heading__text\">Via Alta Idra &#8211; die tessiner Weitwanderung<\/h3><\/div>\n\n\n\n<div class=\"wp-block-stackable-text stk-block-text stk-block stk-1a5d0be\" data-block-id=\"1a5d0be\"><p class=\"stk-block-text__text\"><\/p><\/div>\n\n\n\n<div class=\"wp-block-stackable-button-group stk-block-button-group stk-block stk-b82d260\" data-block-id=\"b82d260\"><div class=\"stk-row stk-inner-blocks stk-block-content stk-button-group\">\n<div class=\"wp-block-stackable-button stk-block-button stk-block stk-8e20fe6\" data-block-id=\"8e20fe6\"><style>.stk-8e20fe6 .stk-button{background:#477081 !important}<\/style><a class=\"stk-link stk-button stk--hover-effect-darken\" href=\"https:\/\/www.viaidra.ch\/de\/home\" target=\"_blank\" rel=\"noreferrer noopener\"><span class=\"stk-button__inner-text\">WEITER&#8230;<\/span><\/a><\/div>\n<\/div><\/div>\n<\/div><\/div><\/div>\n<\/div><\/div>\n","protected":false},"excerpt":{"rendered":"<p>Der Cristallinapass&#8230; \u00ab verbindet \u00bb&#8212;&#8212;&#8212;&#8212;&#8212;&#8212;&#8212;&#8212;-&#8230;das&nbsp;Gotthard Massiv&nbsp;und dem&nbsp;Maggiatal,&nbsp;welches zum Lago Maggiore f\u00fchrt &#8230;ein dichtes&nbsp;Wanderwegnetz&nbsp;und&nbsp;zahlreiche Bergh\u00fctten&nbsp;\u00fcber die&nbsp;Via Idra,&nbsp;Via Cristallina,&nbsp;Via Alta della Valle Maggia,&#8230; \u00ab birgt Natur \u00bb&#8212;&#8212;&#8212;&#8212;&#8212;&#8212;&#8212;&#8212;-\u2026ein&nbsp;Paradies f\u00fcr Skitouren&nbsp;&#8211; wo man im schnee\u00e4rmsten Winter Pulverh\u00e4nge finden kann \u2026die&nbsp;vielseitige&nbsp;Geologie der Entstehen der Alpen &#8211;&nbsp;&nbsp;Marmorsteine ozeanischer Herkunft, Erdgusssteine, Bodenfalten,&#8230; \u00ab lebt \u00bb&#8212;&#8212;&#8212;&#8212;&#8212;&#8212;&#8212;&#8212;-\u2026eine&nbsp;wilde Tierwelt. Steinb\u00f6cke und Gemsen&nbsp;erkunden mit Ihnen den [&hellip;]<\/p>\n","protected":false},"author":1,"featured_media":0,"parent":0,"menu_order":0,"comment_status":"closed","ping_status":"closed","template":"","meta":{"pgc_sgb_lightbox_settings":"","footnotes":""},"class_list":["post-186","page","type-page","status-publish","hentry"],"_links":{"self":[{"href":"https:\/\/capannacristallina.casticino.ch\/index.php\/wp-json\/wp\/v2\/pages\/186","targetHints":{"allow":["GET"]}}],"collection":[{"href":"https:\/\/capannacristallina.casticino.ch\/index.php\/wp-json\/wp\/v2\/pages"}],"about":[{"href":"https:\/\/capannacristallina.casticino.ch\/index.php\/wp-json\/wp\/v2\/types\/page"}],"author":[{"embeddable":true,"href":"https:\/\/capannacristallina.casticino.ch\/index.php\/wp-json\/wp\/v2\/users\/1"}],"replies":[{"embeddable":true,"href":"https:\/\/capannacristallina.casticino.ch\/index.php\/wp-json\/wp\/v2\/comments?post=186"}],"version-history":[{"count":4,"href":"https:\/\/capannacristallina.casticino.ch\/index.php\/wp-json\/wp\/v2\/pages\/186\/revisions"}],"predecessor-version":[{"id":460,"href":"https:\/\/capannacristallina.casticino.ch\/index.php\/wp-json\/wp\/v2\/pages\/186\/revisions\/460"}],"wp:attachment":[{"href":"https:\/\/capannacristallina.casticino.ch\/index.php\/wp-json\/wp\/v2\/media?parent=186"}],"curies":[{"name":"wp","href":"https:\/\/api.w.org\/{rel}","templated":true}]}}